{"id":62,"date":"2026-02-23T01:36:21","date_gmt":"2026-02-23T00:36:21","guid":{"rendered":"https:\/\/www.ti-fanmi-lenkanasyon.fr\/wordpress\/?page_id=62"},"modified":"2026-02-23T04:58:47","modified_gmt":"2026-02-23T03:58:47","slug":"mgr-willy-romelus","status":"publish","type":"page","link":"https:\/\/www.ti-fanmi-lenkanasyon.fr\/wordpress\/mgr-willy-romelus\/","title":{"rendered":"Monseigneur Willy Rom\u00e9lus"},"content":{"rendered":"\n<p class=\"has-text-align-center\"><em>Avec Mgr Willy Rom\u00e9lus, \u00e9v\u00eaque \u00e9m\u00e9rite de J\u00e9r\u00e9mie en Ha\u00efti<\/em><\/p>\n\n\n\n<p class=\"has-text-align-center\"><em>\u201cL\u2019esp\u00e9rance ne d\u00e9\u00e7oit pas !\u201d (Rm 5.5)<\/em><\/p>\n\n\n\n<p><em>\u201cLa spiritualit\u00e9 de notre Dieu, incarn\u00e9e dans le Pain Eucharistique, r\u00e9v\u00e9l\u00e9e dans la Parole biblique, mat\u00e9rialis\u00e9e dans nos combats pour la justice et la solidarit\u00e9, voil\u00e0 le vrai chemin de paix, d\u2019amour et d\u2019esp\u00e9rance pour notre monde d\u2019aujourd\u2019hui !\u201d&nbsp; Mgr Willy Rom\u00e9lus, \u00e9v\u00eaque \u00e9m\u00e9rite de J\u00e9r\u00e9mie en Ha\u00efti (Prix europ\u00e9en des Droits de l\u2019Homme en 1994 \u2013 et pr\u00e9sent\u00e9 par le Canada pour le prix Nobel de la Paix) &#8211; (dans son livre \u201cesp\u00e9rer contre toute esp\u00e9rance\u201d aux \u00e9d. Nestor)<\/em><\/p>\n\n\n<div class=\"wp-block-image\">\n<figure class=\"aligncenter size-full\"><img loading=\"lazy\" decoding=\"async\" width=\"363\" height=\"272\" src=\"https:\/\/www.ti-fanmi-lenkanasyon.fr\/wordpress\/wp-content\/uploads\/2026\/02\/image-1.png\" alt=\"\" class=\"wp-image-85\" srcset=\"https:\/\/www.ti-fanmi-lenkanasyon.fr\/wordpress\/wp-content\/uploads\/2026\/02\/image-1.png 363w, https:\/\/www.ti-fanmi-lenkanasyon.fr\/wordpress\/wp-content\/uploads\/2026\/02\/image-1-300x225.png 300w\" sizes=\"auto, (max-width: 363px) 100vw, 363px\" \/><\/figure>\n<\/div>\n\n\n<p><\/p>\n\n\n\n<h2 class=\"wp-block-heading has-text-align-center\"><em><strong>Famille Fraternit\u00e9 de l\u2019Incarnation<\/strong><\/em><\/h2>\n","protected":false},"excerpt":{"rendered":"<p>Avec Mgr Willy Rom\u00e9lus, \u00e9v\u00eaque \u00e9m\u00e9rite de J\u00e9r\u00e9mie en Ha\u00efti \u201cL\u2019esp\u00e9rance ne d\u00e9\u00e7oit pas !\u201d (Rm 5.5) \u201cLa spiritualit\u00e9 de notre Dieu, incarn\u00e9e dans le Pain Eucharistique, r\u00e9v\u00e9l\u00e9e dans la Parole biblique, mat\u00e9rialis\u00e9e dans nos combats pour la justice et la solidarit\u00e9, voil\u00e0 le vrai chemin de paix, d\u2019amour et d\u2019esp\u00e9rance pour notre monde d\u2019aujourd\u2019hui&#8230;<\/p>\n","protected":false},"author":1,"featured_media":0,"parent":0,"menu_order":0,"comment_status":"closed","ping_status":"closed","template":"","meta":{"_kad_post_transparent":"","_kad_post_title":"","_kad_post_layout":"","_kad_post_sidebar_id":"","_kad_post_content_style":"","_kad_post_vertical_padding":"","_kad_post_feature":"","_kad_post_feature_position":"","_kad_post_header":false,"_kad_post_footer":false,"_kad_post_classname":"","footnotes":""},"class_list":["post-62","page","type-page","status-publish","hentry"],"_links":{"self":[{"href":"https:\/\/www.ti-fanmi-lenkanasyon.fr\/wordpress\/wp-json\/wp\/v2\/pages\/62","targetHints":{"allow":["GET"]}}],"collection":[{"href":"https:\/\/www.ti-fanmi-lenkanasyon.fr\/wordpress\/wp-json\/wp\/v2\/pages"}],"about":[{"href":"https:\/\/www.ti-fanmi-lenkanasyon.fr\/wordpress\/wp-json\/wp\/v2\/types\/page"}],"author":[{"embeddable":true,"href":"https:\/\/www.ti-fanmi-lenkanasyon.fr\/wordpress\/wp-json\/wp\/v2\/users\/1"}],"replies":[{"embeddable":true,"href":"https:\/\/www.ti-fanmi-lenkanasyon.fr\/wordpress\/wp-json\/wp\/v2\/comments?post=62"}],"version-history":[{"count":3,"href":"https:\/\/www.ti-fanmi-lenkanasyon.fr\/wordpress\/wp-json\/wp\/v2\/pages\/62\/revisions"}],"predecessor-version":[{"id":96,"href":"https:\/\/www.ti-fanmi-lenkanasyon.fr\/wordpress\/wp-json\/wp\/v2\/pages\/62\/revisions\/96"}],"wp:attachment":[{"href":"https:\/\/www.ti-fanmi-lenkanasyon.fr\/wordpress\/wp-json\/wp\/v2\/media?parent=62"}],"curies":[{"name":"wp","href":"https:\/\/api.w.org\/{rel}","templated":true}]}}