{"id":98,"date":"2026-02-23T05:22:20","date_gmt":"2026-02-23T04:22:20","guid":{"rendered":"https:\/\/www.ti-fanmi-lenkanasyon.fr\/wordpress\/?page_id=98"},"modified":"2026-02-24T23:00:32","modified_gmt":"2026-02-24T22:00:32","slug":"temoignage","status":"publish","type":"page","link":"https:\/\/www.ti-fanmi-lenkanasyon.fr\/wordpress\/temoignage\/","title":{"rendered":"T\u00e9moignages"},"content":{"rendered":"\n<p class=\"has-text-align-center\" style=\"text-decoration:underline\"><strong>\u00ab&nbsp;Osons le bien autour de nous&nbsp;\u00bb&nbsp;: jubil\u00e9 de vermeil de la Fraternit\u00e9 de l\u2019Incarnation&nbsp;!<\/strong><\/p>\n\n\n\n<p>Voil\u00e0 un bel id\u00e9al sur lequel aime s\u2019appuyer Fr\u00e8re Francklin Armand. Il y a quarante-cinq ans exactement il fondait la Fraternit\u00e9 de l\u2019Incarnation&nbsp;; aussi chaque ann\u00e9e cet anniversaire est f\u00eat\u00e9 par toutes les communaut\u00e9s des petits fr\u00e8res et des petites s\u0153urs de l\u2019incarnation en Ha\u00efti. Et notre groupe Ti Fanmi Lenkanasyon Gwadloup a \u00e0 c\u0153ur de se retrouver pour l\u2019occasion et solenniser ce moment. Ainsi ce 27 d\u00e9cembre 2023 \u00e0 10 h 30 dans la chapelle des S\u0153urs Carm\u00e9lites de Gourbeyre, une messe d\u2019action de gr\u00e2ce \u00e9tait c\u00e9l\u00e9br\u00e9e par p\u00e8re Silv\u00e8re Numa (qui chemine avec nous), assist\u00e9 du p\u00e8re Louis-Gabriel Blot aum\u00f4nier du carmel. Et c\u2019est une petite quarantaine de personnes qui a pu se retrouver pour l\u2019occasion (beaucoup \u00e9tant retenus chez eux \u00e0 l\u2019occasion des f\u00eates de fin d\u2019ann\u00e9e). <em>\u00ab&nbsp;Mais le c\u0153ur y \u00e9tait&nbsp;\u00bb<\/em> comme beaucoup de celles et ceux qui n\u2019avaient pu venir nous l\u2019ont dit par SMS. &nbsp;<\/p>\n\n\n\n<p><em>\u00ab&nbsp;Faisons le bien par petits bouts l\u00e0 o\u00f9 nous sommes&nbsp;; car ce sont tous ces petits bouts de bien, une fois assembl\u00e9s qui transforment le monde&nbsp;\u00bb<\/em> Cette phrase de Mgr Desmond Tutu, prix nobel de la paix, d\u00e9c\u00e9d\u00e9 quelques jours plus t\u00f4t, est revenue \u00e0 la m\u00e9moire de tous. Car Fr\u00e8re Francklin Armand a aim\u00e9 tellement s\u2019y r\u00e9f\u00e9rer lors de la retraite qu\u2019il avait pr\u00each\u00e9e pour notre groupe \u00e0 Saintard en 2018.<\/p>\n\n\n\n<p>Apr\u00e8s le mot d\u2019introduction proclam\u00e9 par Corine pour expliquer la d\u00e9marche, p\u00e8re Silv\u00e8re ouvrait la c\u00e9l\u00e9bration par une pri\u00e8re chaleureuse qui nous permettait de nous <em>\u00ab&nbsp;relier \u00e0 tous les membres de la fraternit\u00e9 de l\u2019incarnation r\u00e9unis au m\u00eame moment en Ha\u00efti&nbsp;\u00bb<\/em>\u2026 <em>\u00ab&nbsp;cette communion dans la pri\u00e8re doit \u00eatre comme le levain dans la p\u00e2te m\u00eame si les temps sont difficiles pour tout le monde chez nous avec cette crise sanitaire qui n\u2019en finit pas, mais plus encore en Ha\u00efti o\u00f9 les conditions de vie entra\u00eenent \u00e9preuve sur \u00e9preuve, cruaut\u00e9 sur cruaut\u00e9&nbsp;\u00bb\u2026 \u00ab&nbsp;le courage du Fr\u00e8re Francklin n\u2019en est que plus extraordinaire et nous entra\u00eene sur un chemin de foi qui en cette ann\u00e9e synodale est porteur de sens, d\u2019engagement, de v\u00e9rit\u00e9 et de solidarit\u00e9 pour tout le monde&nbsp;\u00bb\u2026<\/em><\/p>\n\n\n\n<p>Lors de la pri\u00e8re universelle des petits lumignons \u00e9taient apport\u00e9s et dispos\u00e9s devant la cr\u00e8che pour bien montrer le lien ind\u00e9fectible dans la pri\u00e8re qui nous unit \u00e0 la Fraternit\u00e9 de l\u2019Incarnation. Les petits fr\u00e8res de l\u2019incarnation ont en effet sem\u00e9 une graine lors de leur fondation en Guadeloupe il y a sept ans <em>\u00ab&nbsp;et cette graine continue de tiger&nbsp;\u00bb<\/em> comme aime le rappeler mamie Sonia <em>\u00ab&nbsp;dans l\u2019attente de leur retour&nbsp;\u00bb&nbsp;!<\/em><\/p>\n\n\n\n<p><em>\u00ab&nbsp;L\u2019hom\u00e9lie du p\u00e8re Silv\u00e8re Numa m\u2019a \u00e9mue, tant il a su trouver les mots justes pour toucher les c\u0153urs et nous permettre de continuer de murir les enseignements du Fr\u00e8re Francklin Armand qui, dans le sillage de Charles de Foucauld, donnent corps \u00e0 cette <strong>spiritualit\u00e9 du devoir d\u2019\u00e9tat<\/strong> qui permet aux familles de tenir bon dans la vie&nbsp;\u00bb <\/em>n\u2019a pas manqu\u00e9 de relever Daniella Foucan-Argus qui, avec son mari Wiltord, depuis la Martinique, demeure reli\u00e9e \u00e0 nous. Ils sont venus tous les deux se ressourcer en Guadeloupe \u00e0 l\u2019occasion de ce jubil\u00e9. <em>\u00ab&nbsp;Je vis en Martinique avec mon mari, mais j\u2019aime revenir chez moi \u00e0 l\u2019occasion&nbsp;; j\u2019ai \u00e9t\u00e9 form\u00e9e \u00e9tant jeune par le p\u00e8re Ch\u00e9rubin C\u00e9leste vous savez et cette spiritualit\u00e9 de l\u2019engagement ne m\u2019a jamais l\u00e2ch\u00e9e. Je retrouve dans le charisme de la Fraternit\u00e9 de l\u2019Incarnation cet enracinement-l\u00e0&nbsp;\u00bb<\/em> n\u2019h\u00e9site-t-elle pas \u00e0 t\u00e9moigner.<\/p>\n\n\n\n<p>Le verre de l\u2019amiti\u00e9 a permis un partage amical avec tout le monde&nbsp;!<\/p>\n\n\n\n<p class=\"has-text-align-right\"><strong>Jean-Marie Gauthier<\/strong><\/p>\n\n\n\n<p class=\"has-text-align-center\">T\u00e9moignage lu au d\u00e9but de la messe par Corine, m\u00e8re de famille<\/p>\n\n\n\n<p><strong>O\u00f9 en sommes-nous aujourd\u2019hui&nbsp;?<\/strong><\/p>\n\n\n\n<p>Cher Fr\u00e8re Francklin Armand, il y a quarante-cinq ans, apr\u00e8s plusieurs ann\u00e9es de bons et loyaux services chez les Petits Fr\u00e8res de Sainte Th\u00e9r\u00e8se, tu ressentais le d\u00e9sir, inspir\u00e9 par Dieu, de fonder la Fraternit\u00e9 de l\u2019Incarnation en Ha\u00efti, afin d\u2019\u00eatre au plus pr\u00e8s de la r\u00e9alit\u00e9 du peuple Ha\u00eftien tout entier <strong><em>\u00ab&nbsp;tes s\u0153urs et fr\u00e8res de terrain&nbsp;\u00bb<\/em><\/strong> comme tu les appelles dans ton livre magnifiquement \u00e9crit <em>\u00ab&nbsp;Danser avec la vie&nbsp;\u00bb<\/em>. L\u2019Eglise a discern\u00e9 avec toi et valid\u00e9 ton choix. Te voil\u00e0 \u00e0 l\u2019\u0153uvre avec les paysans de ton pays, qui \u00e9taient le corps social le plus rejet\u00e9 qu\u2019on appelait <em>\u00ab&nbsp;les gens du pays en dehors&nbsp;\u00bb.<\/em> Tellement leur condition \u00e9tait difficile&nbsp;: tout le monde fuyait la province vers les villes, et essentiellement Port-au-Prince, esp\u00e9rant un avenir meilleur.<\/p>\n\n\n\n<p>Depuis cette intuition premi\u00e8re, quel magnifique chemin parcouru&nbsp;! Les petits fr\u00e8res et les petites s\u0153urs de l\u2019incarnation se sont implant\u00e9s dans toutes les r\u00e9gions du pays voulant <em>\u00ab&nbsp;devenir paysans avec les paysans pour l\u2019av\u00e8nement du r\u00e8gne de J\u00e9sus et de son Evangile&nbsp;\u00bb<\/em> comme tu le dis si bien. Coop\u00e9ratives agricoles, centres d\u2019\u00e9levage, les lacs collinaires creus\u00e9s partout, des \u00e9coles, des orphelinats, des centres de soins, des centres de formation en apprentissages et universitaires, et des maisons de retraite et de ressourcement spirituel (en particulier \u00e0 Saintard o\u00f9 nous sommes all\u00e9s en 2018).<\/p>\n\n\n\n<p><em>\u00ab&nbsp;C\u2019est sur deux pieds que nous marchons et nous avons deux bras pour travailler&nbsp;:&nbsp; ainsi formation intellectuelle va de pair avec inculturation&nbsp;; indispensable respiration quotidienne de la pri\u00e8re et des sacrements va de pair avec travail manuel et artistique&nbsp;; implication sociale va de pair avec sens du service, humanisme et engagement.&nbsp;\u00bb <\/em>C\u2019est sur ce tr\u00e9pied que repose le charisme des petites s\u0153urs et des petits fr\u00e8res de l\u2019Incarnation.<\/p>\n\n\n\n<p><em>\u00ab&nbsp;Et pourtant notre Ha\u00efti Ch\u00e9rie continue de souffrir terriblement aujourd\u2019hui, <\/em>nous \u00e9crivait Fr\u00e8re Francklin dans un mail path\u00e9tique il y a quelques jours.<em> Dieu fasse que l\u2019Esp\u00e9rance continue de nous irriguer tous et nous donne la force de tenir face \u00e0 cette adversit\u00e9 cruelle quotidienne qui nous menace inlassablement. Le Dieu de J\u00e9sus-Christ est \u00e0 l\u2019\u0153uvre en ce monde, malgr\u00e9 tout, et envers et contre tout. Je vois deux signes qui nous le prouvent comme des petites lampes que nous devons bien tenir \u00e0 la main pour avancer&nbsp;: le Synode (et la synodalit\u00e9) inspir\u00e9 par notre pape Fran\u00e7ois pour l\u2019Eglise universelle et donc pour nos Eglises et nos communaut\u00e9s en particulier&nbsp;; et la canonisation de Charles de Foucauld en mai prochain.&nbsp;<\/em><\/p>\n\n\n\n<p><em>Merci \u00e0 vous, amis de partout&nbsp;: Cara\u00efbe, Europe, Afrique\u2026 de rester \u00e0 nos c\u00f4t\u00e9s. Votre proximit\u00e9 en Guadeloupe (o\u00f9 nous esp\u00e9rons revenir) nous est si ch\u00e8re. Rendons gr\u00e2ce \u00e0 Dieu<\/em> <em>de demeurer dans cette amiti\u00e9 qui nous fait vivre et nous permet de tenir debout o\u00f9 que nous soyons.<\/em> \u00bb<\/p>\n","protected":false},"excerpt":{"rendered":"<p>\u00ab&nbsp;Osons le bien autour de nous&nbsp;\u00bb&nbsp;: jubil\u00e9 de vermeil de la Fraternit\u00e9 de l\u2019Incarnation&nbsp;! Voil\u00e0 un bel id\u00e9al sur lequel aime s\u2019appuyer Fr\u00e8re Francklin Armand. Il y a quarante-cinq ans exactement il fondait la Fraternit\u00e9 de l\u2019Incarnation&nbsp;; aussi chaque ann\u00e9e cet anniversaire est f\u00eat\u00e9 par toutes les communaut\u00e9s des petits fr\u00e8res et des petites s\u0153urs&#8230;<\/p>\n","protected":false},"author":1,"featured_media":0,"parent":0,"menu_order":0,"comment_status":"closed","ping_status":"closed","template":"","meta":{"_kad_post_transparent":"","_kad_post_title":"","_kad_post_layout":"","_kad_post_sidebar_id":"","_kad_post_content_style":"","_kad_post_vertical_padding":"","_kad_post_feature":"","_kad_post_feature_position":"","_kad_post_header":false,"_kad_post_footer":false,"_kad_post_classname":"","footnotes":""},"class_list":["post-98","page","type-page","status-publish","hentry"],"_links":{"self":[{"href":"https:\/\/www.ti-fanmi-lenkanasyon.fr\/wordpress\/wp-json\/wp\/v2\/pages\/98","targetHints":{"allow":["GET"]}}],"collection":[{"href":"https:\/\/www.ti-fanmi-lenkanasyon.fr\/wordpress\/wp-json\/wp\/v2\/pages"}],"about":[{"href":"https:\/\/www.ti-fanmi-lenkanasyon.fr\/wordpress\/wp-json\/wp\/v2\/types\/page"}],"author":[{"embeddable":true,"href":"https:\/\/www.ti-fanmi-lenkanasyon.fr\/wordpress\/wp-json\/wp\/v2\/users\/1"}],"replies":[{"embeddable":true,"href":"https:\/\/www.ti-fanmi-lenkanasyon.fr\/wordpress\/wp-json\/wp\/v2\/comments?post=98"}],"version-history":[{"count":4,"href":"https:\/\/www.ti-fanmi-lenkanasyon.fr\/wordpress\/wp-json\/wp\/v2\/pages\/98\/revisions"}],"predecessor-version":[{"id":122,"href":"https:\/\/www.ti-fanmi-lenkanasyon.fr\/wordpress\/wp-json\/wp\/v2\/pages\/98\/revisions\/122"}],"wp:attachment":[{"href":"https:\/\/www.ti-fanmi-lenkanasyon.fr\/wordpress\/wp-json\/wp\/v2\/media?parent=98"}],"curies":[{"name":"wp","href":"https:\/\/api.w.org\/{rel}","templated":true}]}}